{"id":108,"date":"2017-03-04T09:21:56","date_gmt":"2017-03-04T09:21:56","guid":{"rendered":"http:\/\/allgemeinarzt-in-bonn.de\/?page_id=108"},"modified":"2026-04-13T19:20:26","modified_gmt":"2026-04-13T19:20:26","slug":"impressum","status":"publish","type":"page","link":"https:\/\/www.allgemeinarzt-in-bonn.de\/?page_id=108","title":{"rendered":"Impressum"},"content":{"rendered":"<p><img decoding=\"async\" src=\"\/wp-content\/uploads\/2017\/03\/praxis_quer.png\" alt=\"\"><\/p>\n<h1>IMPRESSUM<\/h1>\n<hr>\n<div><strong>Betreiber dieser Website:<\/strong><br \/>\nFach\u00e4rztin Laura K\u00fcmmeritz<br \/>\nPaulusplatz 7-9<br \/>\n53119 Bonn<br \/>\nTel.: 0228\/661069<br \/>\nFax: 0228\/662240<br \/>\nE-Mail: <a href=\"mailto:praxis@allgemeinarzt-in-bonn.de\" target=\"blank\" >praxis@allgemeinarzt-in-bonn.de<\/a><\/p>\n<p><strong>Zust\u00e4ndige Aufsichtsbeh\u00f6rden und K\u00f6rperschaften:<\/strong><br \/>\nKassen\u00e4rztliche Vereinigung Nordrhein<br \/>\nTersteegenstr. 3<br \/>\n40474 D\u00fcsseldorf<\/p>\n<p><strong>Zust\u00e4ndige Kammer:<\/strong><br \/>\n\u00c4rztekammer Nordrhein<br \/>\nTersteegenstr. 9<br \/>\n40474 D\u00fcsseldorf<\/p>\n<p><strong>Berufsbezeichnung:<\/strong><br \/>\nFach\u00e4rztin f\u00fcr Allgemeinmedizin (verliehen in der BRD)<\/p>\n<p><strong>Berufsrechtliche Regelungen:<\/strong><br \/>\n<a href=\"http:\/\/www.aekno.de\/\" target=\"blank\" >Berufsordnung der \u00c4rztekammer Nordrhein<\/a> <br \/>\n<a href=\"http:\/\/www.aekno.de\/\" target=\"blank\" >Heilberufgesetz des Landes NRW<\/a> <\/div>\n<hr>\n<p><a href=\"\/www.ukb.uni-bonn.de\/allgemeinmedizin\"><img decoding=\"async\" src=\"\/wp-content\/uploads\/2017\/06\/Logo_Hausarztmedizin.png\" alt=\"\"><\/a><\/p>\n<p><!--more--><br \/>\n<!-- {\"type\":\"layout\",\"children\":[{\"name\":\"R\\u00e4umlichkeiten\",\"type\":\"section\",\"props\":{\"image_position\":\"center-center\",\"padding_remove_bottom\":true,\"padding_remove_top\":true,\"style\":\"primary\",\"title_breakpoint\":\"xl\",\"title_position\":\"top-left\",\"title_rotation\":\"left\",\"vertical_align\":\"middle\",\"width\":\"default\"},\"children\":[{\"type\":\"row\",\"children\":[{\"type\":\"column\",\"props\":{\"image_position\":\"center-center\",\"position_sticky_breakpoint\":\"m\",\"width_medium\":\"1-1\"},\"children\":[{\"type\":\"headline\",\"props\":{\"content\":\"<strong>Die Praxis macht vom 07.04.26 \\u2013 10.04.26 Osterferien.<\\\/strong><br \\\/><strong>Unsere Praxis-Vertretung: Dr. Eichorn, Oppelner Str. 33, 53119 Bonn<\\\/strong><br \\\/><strong>Telefon 0228 9663024<\\\/strong> \\n\\n<!--strong>Die Praxis macht vom 12.02.2026 bis einschlie\\u00dflich 17.02.2026 Karnevalsurlaub.<\\\/strong><br \\\/><strong>Unsere Praxis-Vertretung: Dr. Eichorn, Oppelner Str. 33, 53119 Bonn<\\\/strong><br \\\/><strong>Telefon 0228 9663024<\\\/strong>\\n\\n<!--strong>Weihnachtsurlaub vom 22.12.2025 bis 02.01.2026<br \\\/>Unsere Praxis-Vertretung: Dr. Eichorn, Oppelner Str. 33, 53119 Bonn<br \\\/>Telefon 0228 9663024<\\\/strong> \\n\\n<!--strong>Die Praxis macht vom 13.10.2025 \\u2013 17.10.2025 Urlaub.<\\\/strong><br \\\/><strong>Unsere Praxis-Vertretung: Hausarztpraxis Buschdorf<br \\\/>\\nMerdian\\\/Luzar, Otto-Hahn-Str. 62, 53117 Bonn, Telefon 0228 676266<\\\/strong>\\n\\n<!--strong>Praxisurlaub vom 21.07.25 bis einschlie\\u00dflich 08.08.25.<\\\/strong><br \\\/><strong>Unsere Praxis-Vertretung: Dr. Eichorn, Oppelner Str. 33, 53119 Bonn<br \\\/>Telefon 0228 9663024<\\\/strong>\\n\\n<!--strong>Die Praxis ist am 10.06. geschlossen.<\\\/strong><br \\\/><strong>Unsere Praxis-Vertretung: Dr. Eichorn, Oppelner Str. 33, 53119 Bonn<br \\\/>Telefon 0228 9663024<\\\/strong--> \\n\\n<!--strong>Die Praxis ist am 30.05. und am 10.06. geschlossen.<\\\/strong><br \\\/><strong>Unsere Praxis-Vertretung: Dr. Eichorn, Oppelner Str. 33, 53119 Bonn<br \\\/>Telefon 0228 9663024<\\\/strong--> \\n\\n<!--strong>Praxis ist von 19.05. - 22.05. wegen IT-Umstellung geschlossen.<\\\/strong><br \\\/><strong>Unsere Praxis-Vertretung: Dr. Eichorn, Oppelner Str. 33, 53119 Bonn<br \\\/>Telefon 0228 9663024<\\\/strong--> \\n\\n<!--strong>Die Praxis macht vom 22.04.25 \\u2013 25.04.25 Osterferien.<\\\/strong><br \\\/><strong>Unsere Praxis-Vertretung: Praxis Merdian\\\/Luzar, Otto-Hahn-Str. 62, 53117 Bonn<\\\/strong><br \\\/><strong>Telefon 0228 676266<\\\/strong--> \\n\\n<!--strong>Die Praxis macht vom 27.02.2025 - 04.03.2025 Karnevalsurlaub.<\\\/strong><br \\\/><strong>Unsere Praxis-Vertretung: Dr. Eichorn, Oppelner Str. 33, 53119 Bonn<\\\/strong><br \\\/><strong>Telefon 0228 9663024<\\\/strong--> \\n\\n<!--strong>Die Praxis macht vom 19.12.2024 - 03.01.2025 Urlaub.<\\\/strong><br \\\/><strong>Unsere Praxis-Vertretung: Dr. Eichorn, Oppelner Str. 33, 53119 Bonn<\\\/strong><br \\\/><strong>Telefon 0228 9663024 \\u2013 Wir w\\u00fcnschen frohe Weihnachten!<\\\/strong--> <!--strong>Die Praxis macht vom 21.10.24 - 25.10.24 Urlaub.<\\\/strong><br \\\/><strong>Unsere Praxis-Vertretung: Dr. Abel &amp; Dr. Z\\u00fchlke, Rochusstr. 190, 53123 Bonn<\\\/strong><br \\\/><strong>Telefon 0228 622457<\\\/strong--> <!--<strong>Am Dienstag, dem 21. Mai 2024 bleibt die Praxis zu. <\\\/strong><br \\\/><strong>Unsere Praxis- Vertretung:\\u00a0Dr. Eichhorn, Oppelner Str. 33, 53119 Bonn, <\\\/strong><br \\\/><strong>Telefon 0228 9663024<\\\/strong--> <!--strong>Am 10. Mai 2024 bleibt die Praxis zu. <\\\/strong><br \\\/><strong>Unsere Praxis- Vertretung:\\u00a0Dr. Hesse\\\/Dr. Merdian, Otto-Hahn-Str.62, 53117 Bonn, <\\\/strong><br \\\/><strong>Telefon 0228 676266<\\\/strong><\\\/--> <!--strong>Seit dem 6. November<\\\/strong> finden Sie uns in neuen R\\u00e4umlichkeiten. <strong>Paulusplatz 7-9, 53119 Bonn, Tel. +49 228\\\/661069<\\\/strong--> <!--strong>In den Osterferien ist die Praxis vom 25.03. \\u2013 29.03. geschlossen.<br \/>Wir w\\u00fcnschen frohe Ostern!<\\\/strong--> <!--<strong>Die Praxis macht vom 28.05. \\u2013 29.05.2023 Urlaub.<br \\\/>Bitte beachten Sie die Aush\\u00e4nge und Telefonansagen!<br \\\/>Wir w\\u00fcnschen frohe Pfingsten!<\\\/strong>--> <!--<strong>Die Praxis macht vom 29.07. - 09.08.24 Urlaub.<br \/>\\nBitte beachten Sie w\\u00e4hrend der Sommerferien die Aush\\u00e4nge und Telefonansagen!<\\\/strong--> <!--strong>Die Praxis macht vom 02.10. \\u2013 06.10.2023 Urlaub.<br \\\/>Bitte beachten Sie w\\u00e4hrend der Herbstferien die Aush\\u00e4nge und Telefonansagen!<\\\/strong--> <!--strong>Die Praxis macht vom 20.12.2023 \\u2013 03.01.2024 Urlaub.<br \\\/>Bitte beachten Sie w\\u00e4hrend der Weihnachtsferien die Aush\\u00e4nge und Telefonansagen!<br \\\/>Wir w\\u00fcnschen frohe Weihnachten!<\\\/strong-->&#8222;,&#8220;css&#8220;:&#8220;.el-element {\\npadding-top:15px;\\n    padding-bottom: 15px;\\n}&#8220;,&#8220;margin_remove_bottom&#8220;:true,&#8220;margin_remove_top&#8220;:true,&#8220;text_align&#8220;:&#8220;center&#8220;,&#8220;title_element&#8220;:&#8220;h1&#8243;,&#8220;title_style&#8220;:&#8220;h3&#8243;}}]}],&#8220;props&#8220;:{&#8222;status&#8220;:&#8220;disabled&#8220;}}]},{&#8222;type&#8220;:&#8220;section&#8220;,&#8220;props&#8220;:{&#8222;image_position&#8220;:&#8220;center-center&#8220;,&#8220;padding_remove_bottom&#8220;:true,&#8220;style&#8220;:&#8220;default&#8220;,&#8220;title_breakpoint&#8220;:&#8220;xl&#8220;,&#8220;title_position&#8220;:&#8220;top-left&#8220;,&#8220;title_rotation&#8220;:&#8220;left&#8220;,&#8220;vertical_align&#8220;:&#8220;middle&#8220;,&#8220;width&#8220;:&#8220;default&#8220;},&#8220;children&#8220;:[{&#8222;type&#8220;:&#8220;row&#8220;,&#8220;children&#8220;:[{&#8222;type&#8220;:&#8220;column&#8220;,&#8220;props&#8220;:{&#8222;image_position&#8220;:&#8220;center-center&#8220;,&#8220;position_sticky_breakpoint&#8220;:&#8220;m&#8220;,&#8220;width_medium&#8220;:&#8220;1-1&#8243;},&#8220;children&#8220;:[{&#8222;name&#8220;:&#8220;Logo Top&#8220;,&#8220;type&#8220;:&#8220;image&#8220;,&#8220;props&#8220;:{&#8222;image&#8220;:&#8220;wp-content\\\/uploads\\\/2017\\\/03\\\/praxis_quer.png&#8220;,&#8220;image_svg_color&#8220;:&#8220;emphasis&#8220;,&#8220;margin&#8220;:&#8220;default&#8220;,&#8220;text_align&#8220;:&#8220;center&#8220;}},{&#8222;type&#8220;:&#8220;headline&#8220;,&#8220;props&#8220;:{&#8222;content&#8220;:&#8220;IMPRESSUM&#8220;,&#8220;title_color&#8220;:&#8220;muted&#8220;,&#8220;title_element&#8220;:&#8220;h1&#8243;,&#8220;title_style&#8220;:&#8220;heading-small&#8220;}},{&#8222;type&#8220;:&#8220;divider&#8220;,&#8220;props&#8220;:{&#8222;divider_element&#8220;:&#8220;hr&#8220;}},{&#8222;type&#8220;:&#8220;text&#8220;,&#8220;props&#8220;:{&#8222;column&#8220;:&#8220;1-2&#8243;,&#8220;column_breakpoint&#8220;:&#8220;m&#8220;,&#8220;content&#8220;:&#8220;<strong>Betreiber dieser Website:<\\\/strong><br \/>\\nFach\\u00e4rztin Laura K\\u00fcmmeritz<br \/>\\nPaulusplatz 7-9<br \/>\\n53119 Bonn<br \/>\\nTel.: 0228\\\/661069<br \/>\\nFax: 0228\\\/662240<br \/>\\nE-Mail: <a href=\\\"mailto:praxis@allgemeinarzt-in-bonn.de\\\" target=\\\"blank\\\" >praxis@allgemeinarzt-in-bonn.de<\\\/a>\\n<\/p>\n<p>\\n\\n<strong>Zust\\u00e4ndige Aufsichtsbeh\\u00f6rden und K\\u00f6rperschaften:<\\\/strong><br \/>\\nKassen\\u00e4rztliche Vereinigung Nordrhein<br \/>\\nTersteegenstr. 3<br \/>\\n40474 D\\u00fcsseldorf<\/p>\n<p>\\n\\n<strong>Zust\\u00e4ndige Kammer:<\\\/strong><br \/>\\n\\u00c4rztekammer Nordrhein<br \/>\\nTersteegenstr. 9<br \/>\\n40474 D\\u00fcsseldorf<\/p>\n<p>\\n\\n<strong>Berufsbezeichnung:<\\\/strong><br \/>\\nFach\\u00e4rztin f\\u00fcr Allgemeinmedizin (verliehen in der BRD)<\/p>\n<p>\\n\\n<strong>Berufsrechtliche Regelungen:<\\\/strong><br \/>\\n<a href=\\\"http:\\\/\\\/www.aekno.de\\\/\\\" target=\\\"blank\\\" >Berufsordnung der \\u00c4rztekammer Nordrhein<\\\/a> <br \/>\\n<a href=\\\"http:\\\/\\\/www.aekno.de\\\/\\\" target=\\\"blank\\\" >Heilberufgesetz des Landes NRW<\\\/a> <br \/>&#8222;,&#8220;margin&#8220;:&#8220;default&#8220;}}]}]}]},{&#8222;type&#8220;:&#8220;section&#8220;,&#8220;props&#8220;:{&#8222;animation&#8220;:&#8220;slide-right&#8220;,&#8220;image_position&#8220;:&#8220;center-center&#8220;,&#8220;padding_remove_bottom&#8220;:true,&#8220;style&#8220;:&#8220;default&#8220;,&#8220;title_breakpoint&#8220;:&#8220;xl&#8220;,&#8220;title_position&#8220;:&#8220;top-left&#8220;,&#8220;title_rotation&#8220;:&#8220;left&#8220;,&#8220;vertical_align&#8220;:&#8220;middle&#8220;,&#8220;width&#8220;:&#8220;default&#8220;},&#8220;children&#8220;:[{&#8222;type&#8220;:&#8220;row&#8220;,&#8220;children&#8220;:[{&#8222;type&#8220;:&#8220;column&#8220;,&#8220;props&#8220;:{&#8222;image_position&#8220;:&#8220;center-center&#8220;,&#8220;position_sticky_breakpoint&#8220;:&#8220;m&#8220;,&#8220;width_medium&#8220;:&#8220;1-1&#8243;},&#8220;children&#8220;:[{&#8222;type&#8220;:&#8220;divider&#8220;,&#8220;props&#8220;:{&#8222;divider_element&#8220;:&#8220;hr&#8220;}},{&#8222;type&#8220;:&#8220;image&#8220;,&#8220;props&#8220;:{&#8222;image&#8220;:&#8220;wp-content\\\/uploads\\\/2017\\\/06\\\/Logo_Hausarztmedizin.png&#8220;,&#8220;image_svg_color&#8220;:&#8220;emphasis&#8220;,&#8220;image_width&#8220;:&#8220;500&#8243;,&#8220;link&#8220;:&#8220;www.ukb.uni-bonn.de\\\/allgemeinmedizin&#8220;,&#8220;link_target&#8220;:&#8220;blank&#8220;,&#8220;margin&#8220;:&#8220;default&#8220;}}]}]}]}],&#8220;version&#8220;:&#8220;4.0.1&#8243;} &#8211;><\/p>\n","protected":false},"excerpt":{"rendered":"<p>IMPRESSUM Betreiber dieser Website: Fach\u00e4rztin Laura K\u00fcmmeritz Paulusplatz 7-9 53119 Bonn Tel.: 0228\/661069 Fax: 0228\/662240 E-Mail: praxis@allgemeinarzt-in-bonn.de Zust\u00e4ndige Aufsichtsbeh\u00f6rden und K\u00f6rperschaften: Kassen\u00e4rztliche Vereinigung Nordrhein Tersteegenstr. 3 40474 D\u00fcsseldorf Zust\u00e4ndige Kammer: \u00c4rztekammer Nordrhein Tersteegenstr. 9 40474 D\u00fcsseldorf Berufsbezeichnung: Fach\u00e4rztin f\u00fcr Allgemeinmedizin (verliehen in der BRD) Berufsrechtliche Regelungen: Berufsordnung der \u00c4rztekammer Nordrhein Heilberufgesetz des Landes NRW<\/p>\n","protected":false},"author":1,"featured_media":0,"parent":0,"menu_order":0,"comment_status":"closed","ping_status":"closed","template":"","meta":{"footnotes":""},"_links":{"self":[{"href":"https:\/\/www.allgemeinarzt-in-bonn.de\/index.php?rest_route=\/wp\/v2\/pages\/108"}],"collection":[{"href":"https:\/\/www.allgemeinarzt-in-bonn.de\/index.php?rest_route=\/wp\/v2\/pages"}],"about":[{"href":"https:\/\/www.allgemeinarzt-in-bonn.de\/index.php?rest_route=\/wp\/v2\/types\/page"}],"author":[{"embeddable":true,"href":"https:\/\/www.allgemeinarzt-in-bonn.de\/index.php?rest_route=\/wp\/v2\/users\/1"}],"replies":[{"embeddable":true,"href":"https:\/\/www.allgemeinarzt-in-bonn.de\/index.php?rest_route=%2Fwp%2Fv2%2Fcomments&post=108"}],"version-history":[{"count":88,"href":"https:\/\/www.allgemeinarzt-in-bonn.de\/index.php?rest_route=\/wp\/v2\/pages\/108\/revisions"}],"predecessor-version":[{"id":983,"href":"https:\/\/www.allgemeinarzt-in-bonn.de\/index.php?rest_route=\/wp\/v2\/pages\/108\/revisions\/983"}],"wp:attachment":[{"href":"https:\/\/www.allgemeinarzt-in-bonn.de\/index.php?rest_route=%2Fwp%2Fv2%2Fmedia&parent=108"}],"curies":[{"name":"wp","href":"https:\/\/api.w.org\/{rel}","templated":true}]}}